{"id":22708,"date":"2025-06-13T09:59:21","date_gmt":"2025-06-13T07:59:21","guid":{"rendered":"https:\/\/www.fibershedfinland.fi\/?page_id=22708"},"modified":"2025-06-13T10:00:39","modified_gmt":"2025-06-13T08:00:39","slug":"kuitupaivat2025","status":"publish","type":"page","link":"https:\/\/www.fibershedfinland.fi\/en\/kuitupaivat2025\/","title":{"rendered":"Kuitup\u00e4iv\u00e4t T\u00f6llin myllyll\u00e4 10.-13.7.2025"},"content":{"rendered":"\n<figure class=\"wp-block-gallery columns-3 is-cropped wp-block-gallery-1 is-layout-flex wp-block-gallery-is-layout-flex\"><ul class=\"blocks-gallery-grid\"><li class=\"blocks-gallery-item\"><figure><img loading=\"lazy\" decoding=\"async\" width=\"1024\" height=\"768\" src=\"https:\/\/www.fibershedfinland.fi\/wp-content\/uploads\/2024\/05\/3-juurakkoloukku-Pusula0622-1024x768.jpg\" alt=\"\" data-id=\"22670\" data-full-url=\"https:\/\/www.fibershedfinland.fi\/wp-content\/uploads\/2024\/05\/3-juurakkoloukku-Pusula0622.jpg\" data-link=\"https:\/\/www.fibershedfinland.fi\/2024\/05\/12\/kuituviikko-pusulassa-8-12-7-2024\/3-juurakkoloukku-pusula0622\/\" class=\"wp-image-22670\" srcset=\"https:\/\/www.fibershedfinland.fi\/wp-content\/uploads\/2024\/05\/3-juurakkoloukku-Pusula0622-1024x768.jpg 1024w, https:\/\/www.fibershedfinland.fi\/wp-content\/uploads\/2024\/05\/3-juurakkoloukku-Pusula0622-300x225.jpg 300w, https:\/\/www.fibershedfinland.fi\/wp-content\/uploads\/2024\/05\/3-juurakkoloukku-Pusula0622-768x576.jpg 768w, https:\/\/www.fibershedfinland.fi\/wp-content\/uploads\/2024\/05\/3-juurakkoloukku-Pusula0622-1536x1152.jpg 1536w, https:\/\/www.fibershedfinland.fi\/wp-content\/uploads\/2024\/05\/3-juurakkoloukku-Pusula0622.jpg 1600w\" sizes=\"auto, (max-width: 1024px) 100vw, 1024px\" \/><\/figure><\/li><li class=\"blocks-gallery-item\"><figure><img loading=\"lazy\" decoding=\"async\" width=\"1024\" height=\"575\" src=\"https:\/\/www.fibershedfinland.fi\/wp-content\/uploads\/2023\/05\/tyon-touhussa-Pusula0622-edited-1024x575.jpg\" alt=\"\" data-id=\"22643\" data-full-url=\"https:\/\/www.fibershedfinland.fi\/wp-content\/uploads\/2023\/05\/tyon-touhussa-Pusula0622-edited-scaled.jpg\" data-link=\"https:\/\/www.fibershedfinland.fi\/tyon-touhussa-pusula0622-2\/\" class=\"wp-image-22643\" srcset=\"https:\/\/www.fibershedfinland.fi\/wp-content\/uploads\/2023\/05\/tyon-touhussa-Pusula0622-edited-1024x575.jpg 1024w, https:\/\/www.fibershedfinland.fi\/wp-content\/uploads\/2023\/05\/tyon-touhussa-Pusula0622-edited-300x168.jpg 300w, https:\/\/www.fibershedfinland.fi\/wp-content\/uploads\/2023\/05\/tyon-touhussa-Pusula0622-edited-768x431.jpg 768w, https:\/\/www.fibershedfinland.fi\/wp-content\/uploads\/2023\/05\/tyon-touhussa-Pusula0622-edited-1536x863.jpg 1536w, https:\/\/www.fibershedfinland.fi\/wp-content\/uploads\/2023\/05\/tyon-touhussa-Pusula0622-edited-2048x1150.jpg 2048w\" sizes=\"auto, (max-width: 1024px) 100vw, 1024px\" \/><\/figure><\/li><li class=\"blocks-gallery-item\"><figure><img loading=\"lazy\" decoding=\"async\" width=\"768\" height=\"1024\" src=\"https:\/\/www.fibershedfinland.fi\/wp-content\/uploads\/2025\/06\/varipuffa-768x1024.jpg\" alt=\"\" data-id=\"22709\" data-full-url=\"https:\/\/www.fibershedfinland.fi\/wp-content\/uploads\/2025\/06\/varipuffa.jpg\" data-link=\"https:\/\/www.fibershedfinland.fi\/?attachment_id=22709\" class=\"wp-image-22709\" srcset=\"https:\/\/www.fibershedfinland.fi\/wp-content\/uploads\/2025\/06\/varipuffa-768x1024.jpg 768w, https:\/\/www.fibershedfinland.fi\/wp-content\/uploads\/2025\/06\/varipuffa-225x300.jpg 225w, https:\/\/www.fibershedfinland.fi\/wp-content\/uploads\/2025\/06\/varipuffa-1152x1536.jpg 1152w, https:\/\/www.fibershedfinland.fi\/wp-content\/uploads\/2025\/06\/varipuffa.jpg 1536w\" sizes=\"auto, (max-width: 768px) 100vw, 768px\" \/><\/figure><\/li><\/ul><\/figure>\n\n\n\n<p>Luonnonkuidut ja kasviv\u00e4rit kutsuvat j\u00e4lleen harrastajia Pusulan maalaismaisemiin!<\/p>\n\n\n\n<p>Torstaista sunnuntaihin 10.-13.7.2025 kokoonnumme taas T\u00f6llin myllyn hallille vapaamuotoisen kuituilun ja kasviv\u00e4rj\u00e4yksen pariin. Osallistua voi niin vasta-alkaja kuin konkarikin, paikalla on osaajia neuvomassa, ja v\u00e4lineit\u00e4 k\u00e4yt\u00f6ss\u00e4. Aiempien vuosien tavoin t\u00e4st\u00e4 on varmasti tulossa l\u00e4mminhetkinen tapaaminen niin Fibershedin j\u00e4senten kuin ei-j\u00e4sentenkin kesken!<\/p>\n\n\n\n<p><strong>Miss\u00e4<\/strong><\/p>\n\n\n\n<p>T\u00f6llin myllyn hallilla, Peltolankuja 4, 03850 Pusula<\/p>\n\n\n\n<p><strong>Ohjelma<\/strong><\/p>\n\n\n\n<p>Ohjelmassa on erilaisia ty\u00f6pajoja ja ty\u00f6pisteita, joissa p\u00e4\u00e4see tutustumaan kasvi- ja el\u00e4inkuituihin ja niiden k\u00e4sittelyyn, kasviv\u00e4rj\u00e4ykseen sek\u00e4 erilaisiin k\u00e4sity\u00f6tekniikoihin. Huomaathan ett\u00e4 kyseess\u00e4 ei kuitenkaan ole varsinaisia kurssip\u00e4ivi\u00e4, vaikka paljon kokemusta varmasti onkin ker\u00e4\u00e4ntynyt yhteen paikaan. Eniten saat irti p\u00e4ivist\u00e4 olemalla aktiivinen, kyselem\u00e4ll\u00e4 ja kokeilemalla.<\/p>\n\n\n\n<p>Halli on auki joka p\u00e4iv\u00e4 v\u00e4hint\u00e4\u00e4n 11-16 ja erilaista tekemist\u00e4 on meneill\u00e4\u00e4n koko ajan ilman sen tarkempaa ohjelmaa. Perjantaille ja lauantaille on luvassa vierailut l\u00e4heiselle alpakkatilalle pieniss\u00e4 ryhmiss\u00e4, t\u00e4m\u00e4n aikataulu tarkentuu viel\u00e4.<\/p>\n\n\n\n<p>Osallistujat voivat my\u00f6s tuoda omia tuotteitansa esim raakamateriaalia, lankoja, luonnonkuiduista tehtyj\u00e4 tuotteita myyntiin myyntip\u00f6yd\u00e4lle.<\/p>\n\n\n\n<p>Perjantaina on my\u00f6s l\u00e4heinen T\u00f6llin myllyn puoti auki, ja siell\u00e4 k\u00e4yminen kannattaa sis\u00e4llytt\u00e4\u00e4 ohjelmaasi! Tarjolla myllyss\u00e4 jauhettuja jauhoja ja muita l\u00e4hiseudun ruokatuotteita.<\/p>\n\n\n\n<p><strong>Hinta<\/strong><\/p>\n\n\n\n<p>Voit tulla paikalla vain piipahtamaan ja tutustumaan tekemiseen &amp; myynniss\u00e4 oleviin tuotteisiin. Jos p\u00e4\u00e4t\u00e4t j\u00e4\u00e4d\u00e4 pidemm\u00e4ksi aikaa ja osallistua ty\u00f6pajoihin, perimme osallistumismaksun johon sis\u00e4ltyy v\u00e4lineiden ja materiaalien k\u00e4ytt\u00f6. My\u00f6s omien v\u00e4lineiden ja materiaalien mukaan ottaminen on oikein toivottavaa. Varsinkin kasviv\u00e4rj\u00e4ykseen osallistuvilta toivomme mahdollisuuksien mukaan osallistumista v\u00e4rikasvien keruuseen, sill\u00e4 t\u00e4ss\u00e4 voi olla suurikin ty\u00f6.<\/p>\n\n\n\n<p>Osallistumismaksu on 5\u20ac\/p\u00e4iv\u00e4 Fibershed Finland ry:n j\u00e4senille, ja 10\u20ac\/p\u00e4iv\u00e4 ei-j\u00e4senille, maksu paikan p\u00e4\u00e4ll\u00e4 (k\u00e4teinen\/ Mobilepay)<\/p>\n\n\n\n<p>Voit liitty\u00e4 yhdistyksen j\u00e4seneksi&nbsp;<a href=\"https:\/\/www.fibershedfinland.fi\/fibershed-finland-ry-perustaminen\/\">t\u00e4st\u00e4<\/a>.<\/p>\n\n\n\n<p><strong>Ruokailu ja majoitus<\/strong><\/p>\n\n\n\n<p>Hallilla on pieni keitti\u00f6 jossa j\u00e4\u00e4kaappi ja mikro omia ev\u00e4it\u00e4 varten. Muutaman kilometrin p\u00e4\u00e4ll\u00e4 Pusulan kirkonkyl\u00e4ll\u00e4&nbsp;<a href=\"https:\/\/pikkuomena.fi\/https\/-\/pikkuomena-fi\/\">Pikku Omena<\/a>&nbsp;tarjoaa maittavia lounaita ma-la. Kahvit keitet\u00e4\u00e4n yhdess\u00e4 iltap\u00e4ivisin.<\/p>\n\n\n\n<p>Majoitusvaihtoehtoja Pusulan alueella on niukasti, hotelleja l\u00f6ytyy Karkkilan suunnalta ja airbnb\u2019sta voit l\u00f6yt\u00e4\u00e4 jotain l\u00e4hemp\u00e4\u00e4. Hallin pihaan voi my\u00f6s majoittua asuntovaunun tai teltan kera, ja selvittelemme tarpeen mukaan m\u00f6kkimajoituksia; kysy n\u00e4ist\u00e4 lis\u00e4\u00e4 tarvittaessa.<\/p>\n\n\n\n<p><strong>Ilmoittautuminen<\/strong><\/p>\n\n\n\n<p>Ilmoittautuminen ei ole v\u00e4ltt\u00e4m\u00e4t\u00f6nt\u00e4, mutta arvio osallistujien m\u00e4\u00e4r\u00e4st\u00e4 auttaa meit\u00e4 suunnittelemaan. T\u00e4yt\u00e4 siis allaoleva lomake ja kysy tarvittaessa lis\u00e4\u00e4 fibershedfinland@gmail.com<\/p>\n\n\n<div class=\"frm_forms  with_frm_style frm_style_formidable-style\" id=\"frm_form_11_container\" data-token=\"545f3e100f8f3532d196d01e6f89dcb8\">\n<form enctype=\"multipart\/form-data\" method=\"post\" class=\"frm-show-form \" id=\"form_kuitupaivat2025\" data-token=\"545f3e100f8f3532d196d01e6f89dcb8\">\n<div class=\"frm_form_fields \">\n<fieldset>\n<legend class=\"frm_screen_reader\">Kuitup\u00e4iv\u00e4t 2025<\/legend>\r\n\r\n<div class=\"frm_fields_container\">\n<input type=\"hidden\" name=\"frm_action\" value=\"create\" \/>\n<input type=\"hidden\" name=\"form_id\" value=\"11\" \/>\n<input type=\"hidden\" name=\"frm_hide_fields_11\" id=\"frm_hide_fields_11\" value=\"\" \/>\n<input type=\"hidden\" name=\"form_key\" value=\"kuitupaivat2025\" \/>\n<input type=\"hidden\" name=\"item_meta[0]\" value=\"\" \/>\n<input type=\"hidden\" id=\"frm_submit_entry_11\" name=\"frm_submit_entry_11\" value=\"6ff0ab856f\" \/><input type=\"hidden\" name=\"_wp_http_referer\" value=\"\/en\/wp-json\/wp\/v2\/pages\/22708\" \/><div id=\"frm_field_70_container\" class=\"frm_form_field form-field  frm_required_field frm_top_container frm12 frm_first\">\r\n    <div  id=\"field_nchcd8593a05387b9c521510d_label\" class=\"frm_primary_label\">Nimi\r\n        <span class=\"frm_required\" aria-hidden=\"true\">*<\/span>\r\n    <\/div>\r\n    <fieldset aria-labelledby=\"field_nchcd8593a05387b9c521510d_label\">\n\t<legend class=\"frm_screen_reader frm_hidden\">\n\t\tNimi\t<\/legend>\n\n\t<div  class=\"frm_combo_inputs_container\" id=\"frm_combo_inputs_container_70\" data-name-layout=\"first_last\">\n\t\t\t\t\t<div\n\t\t\t\tid=\"frm_field_70-first_container\"\n\t\t\t\tclass=\"frm_form_field form-field frm_form_subfield-first  frm6\"\n\t\t\t\tdata-sub-field-name=\"first\"\n\t\t\t>\n\t\t\t\t<label for=\"field_nchcd8593a05387b9c521510d_first\" class=\"frm_screen_reader frm_hidden\">\n\t\t\t\t\tEtunimi\t\t\t\t<\/label>\n\n\t\t\t\t<input  type=\"text\" id=\"field_nchcd8593a05387b9c521510d_first\" value=\"\" name=\"item_meta[70][first]\" data-reqmsg=\"Nimi cannot be blank.\" aria-required=\"true\" data-invmsg=\"Nimi is invalid\" aria-invalid=\"false\"  \/><div class=\"frm_description\" id=\"frm_field_70_first_desc\">Etunimi<\/div>\t\t\t<\/div>\n\t\t\t\t\t\t<div\n\t\t\t\tid=\"frm_field_70-last_container\"\n\t\t\t\tclass=\"frm_form_field form-field frm_form_subfield-last  frm6\"\n\t\t\t\tdata-sub-field-name=\"last\"\n\t\t\t>\n\t\t\t\t<label for=\"field_nchcd8593a05387b9c521510d_last\" class=\"frm_screen_reader frm_hidden\">\n\t\t\t\t\tSukunimi\t\t\t\t<\/label>\n\n\t\t\t\t<input  type=\"text\" id=\"field_nchcd8593a05387b9c521510d_last\" value=\"\" name=\"item_meta[70][last]\" data-reqmsg=\"Nimi cannot be blank.\" aria-required=\"true\" data-invmsg=\"Nimi is invalid\" aria-invalid=\"false\"  \/><div class=\"frm_description\" id=\"frm_field_70_last_desc\">Sukunimi<\/div>\t\t\t<\/div>\n\t\t\t\t<\/div>\n<\/fieldset>\n\r\n    \r\n    \r\n<\/div>\n<div id=\"frm_field_71_container\" class=\"frm_form_field form-field  frm_top_container vertical_radio\">\r\n    <div  id=\"field_lnjm6b14a1ccf6b3bfba86983_label\" class=\"frm_primary_label\">Osallistun alustavasti seuraavina p\u00e4ivin\u00e4:\r\n        <span class=\"frm_required\" aria-hidden=\"true\"><\/span>\r\n    <\/div>\r\n    <div class=\"frm_opt_container\" aria-labelledby=\"field_lnjm6b14a1ccf6b3bfba86983_label\" role=\"group\">\t\t<div class=\"frm_checkbox\" id=\"frm_checkbox_71-6\">\t\t\t<label  for=\"field_lnjm6b14a1ccf6b3bfba86983-6\">\n\t\t\t<input type=\"checkbox\" name=\"item_meta[71][]\" id=\"field_lnjm6b14a1ccf6b3bfba86983-6\" value=\"to 10.7.\"  data-invmsg=\"Osallistun alustavasti seuraavina p\u00e4ivin\u00e4: is invalid\" aria-invalid=\"false\"   \/> to 10.7.<\/label><\/div>\n\t\t<div class=\"frm_checkbox\" id=\"frm_checkbox_71-8\">\t\t\t<label  for=\"field_lnjm6b14a1ccf6b3bfba86983-8\">\n\t\t\t<input type=\"checkbox\" name=\"item_meta[71][]\" id=\"field_lnjm6b14a1ccf6b3bfba86983-8\" value=\"pe 11.7.\"  data-invmsg=\"Osallistun alustavasti seuraavina p\u00e4ivin\u00e4: is invalid\" aria-invalid=\"false\"   \/> pe 11.7.<\/label><\/div>\n\t\t<div class=\"frm_checkbox\" id=\"frm_checkbox_71-3\">\t\t\t<label  for=\"field_lnjm6b14a1ccf6b3bfba86983-3\">\n\t\t\t<input type=\"checkbox\" name=\"item_meta[71][]\" id=\"field_lnjm6b14a1ccf6b3bfba86983-3\" value=\"la 12.7.\"  data-invmsg=\"Osallistun alustavasti seuraavina p\u00e4ivin\u00e4: is invalid\" aria-invalid=\"false\"   \/> la 12.7.<\/label><\/div>\n\t\t<div class=\"frm_checkbox\" id=\"frm_checkbox_71-9\">\t\t\t<label  for=\"field_lnjm6b14a1ccf6b3bfba86983-9\">\n\t\t\t<input type=\"checkbox\" name=\"item_meta[71][]\" id=\"field_lnjm6b14a1ccf6b3bfba86983-9\" value=\"su 13.7.\"  data-invmsg=\"Osallistun alustavasti seuraavina p\u00e4ivin\u00e4: is invalid\" aria-invalid=\"false\"   \/> su 13.7.<\/label><\/div>\n\t\t<div class=\"frm_checkbox\" id=\"frm_checkbox_71-4\">\t\t\t<label  for=\"field_lnjm6b14a1ccf6b3bfba86983-4\">\n\t\t\t<input type=\"checkbox\" name=\"item_meta[71][]\" id=\"field_lnjm6b14a1ccf6b3bfba86983-4\" value=\"En ole varma viel\u00e4 min\u00e4 p\u00e4iv\u00e4n\u00e4 p\u00e4\u00e4sen paikalle\"  data-invmsg=\"Osallistun alustavasti seuraavina p\u00e4ivin\u00e4: is invalid\" aria-invalid=\"false\"   \/> En ole varma viel\u00e4 min\u00e4 p\u00e4iv\u00e4n\u00e4 p\u00e4\u00e4sen paikalle<\/label><\/div>\n<\/div>\r\n    \r\n    \r\n<\/div>\n<div id=\"frm_field_72_container\" class=\"frm_form_field form-field  frm_top_container vertical_radio\">\r\n    <div  id=\"field_am4ace3615e9e9d_label\" class=\"frm_primary_label\">Haluan tuoda tuotteita myyntiin\r\n        <span class=\"frm_required\" aria-hidden=\"true\"><\/span>\r\n    <\/div>\r\n    <div class=\"frm_opt_container\" aria-labelledby=\"field_am4ace3615e9e9d_label\" role=\"group\">\t\t<div class=\"frm_checkbox\" id=\"frm_checkbox_72-0\">\t\t\t<label  for=\"field_am4ace3615e9e9d-0\">\n\t\t\t<input type=\"checkbox\" name=\"item_meta[72][]\" id=\"field_am4ace3615e9e9d-0\" value=\"Kyll\u00e4\"  data-invmsg=\"Haluan tuoda tuotteita myyntiin is invalid\" aria-invalid=\"false\"   \/> Kyll\u00e4<\/label><\/div>\n<\/div>\r\n    \r\n    \r\n<\/div>\n<div id=\"frm_field_73_container\" class=\"frm_form_field form-field  frm_top_container\">\r\n    <label for=\"field_5j7zdcddbe1a0b9\" id=\"field_5j7zdcddbe1a0b9_label\" class=\"frm_primary_label\">Kerro t\u00e4h\u00e4n mit\u00e4 olisit tulossa myym\u00e4\u00e4n\r\n        <span class=\"frm_required\" aria-hidden=\"true\"><\/span>\r\n    <\/label>\r\n    <input type=\"text\" id=\"field_5j7zdcddbe1a0b9\" name=\"item_meta[73]\" value=\"\"  data-invmsg=\"Text is invalid\" aria-invalid=\"false\"  \/>\r\n    \r\n    \r\n<\/div>\n<div id=\"frm_field_74_container\" class=\"frm_form_field form-field  frm_required_field frm_top_container frm12 frm_first\">\r\n    <label for=\"field_l8l4r2199a26f1\" id=\"field_l8l4r2199a26f1_label\" class=\"frm_primary_label\">S\u00e4hk\u00f6posti\r\n        <span class=\"frm_required\" aria-hidden=\"true\">*<\/span>\r\n    <\/label>\r\n    <input type=\"email\" id=\"field_l8l4r2199a26f1\" name=\"item_meta[74]\" value=\"\"  data-reqmsg=\"S\u00e4hk\u00f6posti cannot be blank.\" aria-required=\"true\" data-invmsg=\"Email is invalid\" aria-invalid=\"false\"  \/>\r\n    \r\n    \r\n<\/div>\n<div id=\"frm_field_75_container\" class=\"frm_form_field form-field  frm_top_container\">\r\n    <label for=\"field_pdpy9420ef82d6a606ba56422\" id=\"field_pdpy9420ef82d6a606ba56422_label\" class=\"frm_primary_label\">Puhelinnumero\r\n        <span class=\"frm_required\" aria-hidden=\"true\"><\/span>\r\n    <\/label>\r\n    <input type=\"tel\" id=\"field_pdpy9420ef82d6a606ba56422\" name=\"item_meta[75]\" value=\"\"  data-invmsg=\"Phone is invalid\" aria-invalid=\"false\" pattern=\"((\\+\\d{1,3}(-|.| )?\\(?\\d\\)?(-| |.)?\\d{1,5})|(\\(?\\d{2,6}\\)?))(-|.| )?(\\d{3,4})(-|.| )?(\\d{4})(( x| ext)\\d{1,5}){0,1}$\"  \/>\r\n    \r\n    \r\n<\/div>\n<div id=\"frm_field_79_container\" class=\"frm_form_field form-field  frm_top_container vertical_radio\">\r\n    <div  id=\"field_s2uc6_label\" class=\"frm_primary_label\">Olen Fibershed Finlandin j\u00e4sen, tai haluan liitty\u00e4 j\u00e4seneksi\r\n        <span class=\"frm_required\" aria-hidden=\"true\"><\/span>\r\n    <\/div>\r\n    <div class=\"frm_opt_container\" aria-labelledby=\"field_s2uc6_label\" role=\"radiogroup\">\t\t<div class=\"frm_radio\" id=\"frm_radio_79-0\">\t\t\t<label  for=\"field_s2uc6-0\">\n\t\t\t\t\t<input type=\"radio\" name=\"item_meta[79]\" id=\"field_s2uc6-0\" value=\"kyll\u00e4\"\n\t\t   data-invmsg=\"Olen Fibershed Finlandin j\u00e4sen, tai haluan liitty\u00e4 j\u00e4seneksi is invalid\" aria-invalid=\"false\"  \/> kyll\u00e4<\/label><\/div>\n\t\t<div class=\"frm_radio\" id=\"frm_radio_79-1\">\t\t\t<label  for=\"field_s2uc6-1\">\n\t\t\t\t\t<input type=\"radio\" name=\"item_meta[79]\" id=\"field_s2uc6-1\" value=\"ei\"\n\t\t   data-invmsg=\"Olen Fibershed Finlandin j\u00e4sen, tai haluan liitty\u00e4 j\u00e4seneksi is invalid\" aria-invalid=\"false\"  \/> ei<\/label><\/div>\n<\/div>\r\n    \r\n    \r\n<\/div>\n<div id=\"frm_field_76_container\" class=\"frm_form_field form-field  frm_top_container vertical_radio\">\r\n    <div  id=\"field_ngllv0f576c38d962e5c924e8_label\" class=\"frm_primary_label\">Haluatko ett\u00e4 liit\u00e4mme sinut tapaamisen WhatApp-ryhm\u00e4\u00e4n?\r\n        <span class=\"frm_required\" aria-hidden=\"true\"><\/span>\r\n    <\/div>\r\n    <div class=\"frm_opt_container\" aria-labelledby=\"field_ngllv0f576c38d962e5c924e8_label\" role=\"radiogroup\">\t\t<div class=\"frm_radio\" id=\"frm_radio_76-0\">\t\t\t<label  for=\"field_ngllv0f576c38d962e5c924e8-0\">\n\t\t\t\t\t<input type=\"radio\" name=\"item_meta[76]\" id=\"field_ngllv0f576c38d962e5c924e8-0\" value=\"Kyll\u00e4\"\n\t\t   data-invmsg=\"Haluatko ett\u00e4 liit\u00e4mme sinut tapaamisen WhatApp-ryhm\u00e4\u00e4n? is invalid\" aria-invalid=\"false\"  \/> Kyll\u00e4<\/label><\/div>\n\t\t<div class=\"frm_radio\" id=\"frm_radio_76-1\">\t\t\t<label  for=\"field_ngllv0f576c38d962e5c924e8-1\">\n\t\t\t\t\t<input type=\"radio\" name=\"item_meta[76]\" id=\"field_ngllv0f576c38d962e5c924e8-1\" value=\"Ei\"\n\t\t   data-invmsg=\"Haluatko ett\u00e4 liit\u00e4mme sinut tapaamisen WhatApp-ryhm\u00e4\u00e4n? is invalid\" aria-invalid=\"false\"  \/> Ei<\/label><\/div>\n<\/div>\r\n    \r\n    \r\n<\/div>\n<div id=\"frm_field_77_container\" class=\"frm_form_field form-field  frm_top_container\">\r\n    <label for=\"field_hjxecb39d365c8a8e6a33c463\" id=\"field_hjxecb39d365c8a8e6a33c463_label\" class=\"frm_primary_label\">Kommentteja\r\n        <span class=\"frm_required\" aria-hidden=\"true\"><\/span>\r\n    <\/label>\r\n    <input type=\"text\" id=\"field_hjxecb39d365c8a8e6a33c463\" name=\"item_meta[77]\" value=\"\"  data-invmsg=\"Text is invalid\" aria-invalid=\"false\"  \/>\r\n    \r\n    \r\n<\/div>\n<div id=\"frm_field_78_container\" class=\"frm_form_field form-field  frm_required_field frm_top_container vertical_radio\">\r\n    <div  id=\"field_9diupf7e68f78752df0a6639a_label\" class=\"frm_primary_label\">Olen lukenut Fibershed Finland ry:n tietosuojaselosteen ja hyv\u00e4ksyn ett\u00e4 tietoni tallennetaan tapaamisen j\u00e4rjestely\u00e4 varten.\r\n        <span class=\"frm_required\" aria-hidden=\"true\">*<\/span>\r\n    <\/div>\r\n    <div class=\"frm_opt_container\" aria-labelledby=\"field_9diupf7e68f78752df0a6639a_label\" role=\"group\">\t\t<div class=\"frm_checkbox\" id=\"frm_checkbox_78-0\">\t\t\t<label  for=\"field_9diupf7e68f78752df0a6639a-0\">\n\t\t\t<input type=\"checkbox\" name=\"item_meta[78][]\" id=\"field_9diupf7e68f78752df0a6639a-0\" value=\"Kyll\u00e4\"  data-frmval=\"Option 1\" data-reqmsg=\"Olen lukenut Fibershed Finland ry:n tietosuojaselosteen ja hyv\u00e4ksyn ett\u00e4 tietoni tallennetaan tapaamisen j\u00e4rjestely\u00e4 varten. cannot be blank.\" data-invmsg=\"Olen lukenut Fibershed Finland ry:n tietosuojaselosteen ja hyv\u00e4ksyn ett\u00e4 tietoni tallennetaan tapaamisen j\u00e4rjestely\u00e4 varten. is invalid\" aria-invalid=\"false\"   aria-required=\"true\"  \/> Kyll\u00e4<\/label><\/div>\n<\/div>\r\n    \r\n    \r\n<\/div>\n\t<input type=\"hidden\" name=\"item_key\" value=\"\" \/>\n\t\t\t<div id=\"frm_field_88_container\">\n\t\t\t<label for=\"field_c2ce6\" >\n\t\t\t\tIf you are human, leave this field blank.\t\t\t<\/label>\n\t\t\t<input  id=\"field_c2ce6\" type=\"text\" class=\"frm_form_field form-field frm_verify\" name=\"item_meta[88]\" value=\"\"  \/>\n\t\t<\/div>\n\t\t<input name=\"frm_state\" type=\"hidden\" value=\"IFhZpjjmQqGaEEdzsNK9VhJkxsjYFpwKNNnzpucQHy8=\" \/><div class=\"frm_submit\">\r\n\r\n<button class=\"frm_button_submit\" type=\"submit\"  >Submit<\/button>\r\n\r\n<\/div><\/div>\n<\/fieldset>\n<\/div>\n\n<\/form>\n<\/div>\n","protected":false},"excerpt":{"rendered":"<p>Luonnonkuidut ja kasviv\u00e4rit kutsuvat j\u00e4lleen harrastajia Pusulan maalaismaisemiin! Torstaista sunnuntaihin 10.-13.7.2025 kokoonnumme taas T\u00f6llin myllyn hallille vapaamuotoisen kuituilun ja kasviv\u00e4rj\u00e4yksen pariin. Osallistua voi niin vasta-alkaja kuin konkarikin, paikalla on osaajia neuvomassa, ja v\u00e4lineit\u00e4 k\u00e4yt\u00f6ss\u00e4. Aiempien vuosien tavoin t\u00e4st\u00e4 on varmasti tulossa l\u00e4mminhetkinen tapaaminen niin Fibershedin j\u00e4senten kuin ei-j\u00e4sentenkin kesken! Miss\u00e4 T\u00f6llin myllyn hallilla, Peltolankuja 4, [&hellip;]<\/p>\n","protected":false},"author":3,"featured_media":0,"parent":0,"menu_order":0,"comment_status":"closed","ping_status":"closed","template":"","meta":{"footnotes":""},"class_list":["post-22708","page","type-page","status-publish","hentry"],"translation":{"provider":"WPGlobus","version":"3.0.0","language":"en","enabled_languages":["fi","sv","en"],"languages":{"fi":{"title":true,"content":true,"excerpt":false},"sv":{"title":false,"content":false,"excerpt":false},"en":{"title":false,"content":false,"excerpt":false}}},"_links":{"self":[{"href":"https:\/\/www.fibershedfinland.fi\/en\/wp-json\/wp\/v2\/pages\/22708","targetHints":{"allow":["GET"]}}],"collection":[{"href":"https:\/\/www.fibershedfinland.fi\/en\/wp-json\/wp\/v2\/pages"}],"about":[{"href":"https:\/\/www.fibershedfinland.fi\/en\/wp-json\/wp\/v2\/types\/page"}],"author":[{"embeddable":true,"href":"https:\/\/www.fibershedfinland.fi\/en\/wp-json\/wp\/v2\/users\/3"}],"replies":[{"embeddable":true,"href":"https:\/\/www.fibershedfinland.fi\/en\/wp-json\/wp\/v2\/comments?post=22708"}],"version-history":[{"count":2,"href":"https:\/\/www.fibershedfinland.fi\/en\/wp-json\/wp\/v2\/pages\/22708\/revisions"}],"predecessor-version":[{"id":22711,"href":"https:\/\/www.fibershedfinland.fi\/en\/wp-json\/wp\/v2\/pages\/22708\/revisions\/22711"}],"wp:attachment":[{"href":"https:\/\/www.fibershedfinland.fi\/en\/wp-json\/wp\/v2\/media?parent=22708"}],"curies":[{"name":"wp","href":"https:\/\/api.w.org\/{rel}","templated":true}]}}