{"id":22422,"date":"2021-11-22T09:07:14","date_gmt":"2021-11-22T07:07:14","guid":{"rendered":"https:\/\/www.fibershedfinland.fi\/?page_id=22422"},"modified":"2025-10-11T11:09:34","modified_gmt":"2025-10-11T09:09:34","slug":"fibershed-finland-starttaa","status":"publish","type":"page","link":"https:\/\/www.fibershedfinland.fi\/sv\/fibershed-finland-starttaa\/","title":{"rendered":"Fibershed Finland"},"content":{"rendered":"\n<p><strong>Vi bygger ett regionalt Fibershed-n\u00e4tverk kring inhemska fibrer och f\u00e4rgv\u00e4xter i Finland<\/strong><\/p>\n\n\n\n<p><br>M\u00e5let med Fibershed \u00e4r att st\u00e4rka den lokala textilfiberns produktion. Genom att sammanf\u00f6ra prim\u00e4rproducenter och fiberbearbetning med produktionen av det f\u00e4rdiga plagget ger vi m\u00f6jligheter till att anamma en ekologisk livsstil som \u00e4ven st\u00f6der den lokala industrin. \u00c4ven jorden tas om hand. <\/p>\n\n\n\n<p><a href=\"http:\/\/www.fibershed.org\" data-type=\"URL\" data-id=\"www.fibershed.org\">Fibershed<\/a> \u00e4r en ideell organisation som ursprungligen kommer fr\u00e5n Kalifornien, men de senaste \u00e5ren har lokala n\u00e4tverk bildats \u00f6ver hela v\u00e4rlden. Nu n\u00e4r intresset f\u00f6r den finska ullen v\u00e4xer rej\u00e4lt, och de traditionella fiberv\u00e4xterna blir mer intressanta, upplevde vi att det \u00e4r dags att ta Fibershed ocks\u00e5 till Finland.<\/p>\n\n\n\n<p>Du kan ocks\u00e5 f\u00f6lja oss p\u00e5 <a rel=\"noreferrer noopener\" href=\"https:\/\/www.facebook.com\/fibershedfinland\" data-type=\"URL\" data-id=\"https:\/\/www.facebook.com\/fibershedfinland\" target=\"_blank\">Facebook<\/a>,<a href=\"https:\/\/www.instagram.com\/fibershed_finland\/\" data-type=\"URL\" data-id=\"https:\/\/www.instagram.com\/fibershed_finland\/\"> Instagram<\/a> och <a href=\"https:\/\/twitter.com\/Fibershed_fin\" data-type=\"URL\" data-id=\"https:\/\/twitter.com\/Fibershed_fin\">Twitter<\/a>!<\/p>\n\n\n\n<p>Fibershed Finland ry grundades i december 2022 och du kan nu bli medlem genom att fylla i blanketten <a href=\"https:\/\/www.fibershedfinland.fi\/fibershed-finland-ry-perustaminen\/\" data-type=\"page\" data-id=\"22592\">h\u00e4r<\/a><\/p>\n\n\n\n<figure class=\"wp-block-image size-large\"><img loading=\"lazy\" decoding=\"async\" width=\"1024\" height=\"683\" src=\"https:\/\/www.fibershedfinland.fi\/wp-content\/uploads\/2021\/10\/villakori-1024x683.jpg\" alt=\"\" class=\"wp-image-22396\" srcset=\"https:\/\/www.fibershedfinland.fi\/wp-content\/uploads\/2021\/10\/villakori-1024x683.jpg 1024w, https:\/\/www.fibershedfinland.fi\/wp-content\/uploads\/2021\/10\/villakori-300x200.jpg 300w, https:\/\/www.fibershedfinland.fi\/wp-content\/uploads\/2021\/10\/villakori-768x512.jpg 768w, https:\/\/www.fibershedfinland.fi\/wp-content\/uploads\/2021\/10\/villakori.jpg 1280w\" sizes=\"auto, (max-width: 1024px) 100vw, 1024px\" \/><\/figure>\n","protected":false},"excerpt":{"rendered":"<p>Vi bygger ett regionalt Fibershed-n\u00e4tverk kring inhemska fibrer och f\u00e4rgv\u00e4xter i Finland M\u00e5let med Fibershed \u00e4r att st\u00e4rka den lokala textilfiberns produktion. Genom att sammanf\u00f6ra prim\u00e4rproducenter och fiberbearbetning med produktionen av det f\u00e4rdiga plagget ger vi m\u00f6jligheter till att anamma en ekologisk livsstil som \u00e4ven st\u00f6der den lokala industrin. \u00c4ven jorden tas om hand. Fibershed [&hellip;]<\/p>\n","protected":false},"author":3,"featured_media":0,"parent":0,"menu_order":0,"comment_status":"closed","ping_status":"closed","template":"template-simpleflexiblecontent.php","meta":{"footnotes":""},"class_list":["post-22422","page","type-page","status-publish","hentry"],"translation":{"provider":"WPGlobus","version":"3.0.0","language":"sv","enabled_languages":["fi","sv","en"],"languages":{"fi":{"title":true,"content":true,"excerpt":false},"sv":{"title":true,"content":true,"excerpt":false},"en":{"title":true,"content":true,"excerpt":false}}},"_links":{"self":[{"href":"https:\/\/www.fibershedfinland.fi\/sv\/wp-json\/wp\/v2\/pages\/22422","targetHints":{"allow":["GET"]}}],"collection":[{"href":"https:\/\/www.fibershedfinland.fi\/sv\/wp-json\/wp\/v2\/pages"}],"about":[{"href":"https:\/\/www.fibershedfinland.fi\/sv\/wp-json\/wp\/v2\/types\/page"}],"author":[{"embeddable":true,"href":"https:\/\/www.fibershedfinland.fi\/sv\/wp-json\/wp\/v2\/users\/3"}],"replies":[{"embeddable":true,"href":"https:\/\/www.fibershedfinland.fi\/sv\/wp-json\/wp\/v2\/comments?post=22422"}],"version-history":[{"count":68,"href":"https:\/\/www.fibershedfinland.fi\/sv\/wp-json\/wp\/v2\/pages\/22422\/revisions"}],"predecessor-version":[{"id":22736,"href":"https:\/\/www.fibershedfinland.fi\/sv\/wp-json\/wp\/v2\/pages\/22422\/revisions\/22736"}],"wp:attachment":[{"href":"https:\/\/www.fibershedfinland.fi\/sv\/wp-json\/wp\/v2\/media?parent=22422"}],"curies":[{"name":"wp","href":"https:\/\/api.w.org\/{rel}","templated":true}]}}