{"id":22592,"date":"2022-11-24T09:31:00","date_gmt":"2022-11-24T07:31:00","guid":{"rendered":"https:\/\/www.fibershedfinland.fi\/?page_id=22592"},"modified":"2025-10-11T11:22:34","modified_gmt":"2025-10-11T09:22:34","slug":"fibershed-finland-ry-perustaminen","status":"publish","type":"page","link":"https:\/\/www.fibershedfinland.fi\/sv\/fibershed-finland-ry-perustaminen\/","title":{"rendered":"Bli medlem i Fibershed Finland!"},"content":{"rendered":"\n<p>Fibershed Finland ry grundades i december 2022 och du kan nu bli medlem genom att fylla i blanketten nedanf\u00f6r. Uppgifterna som markerats med asterisk (*) \u00e4r obligatoriska uppgifter.&nbsp;<\/p>\n\n\n\n<p>Medlemsavgifterna f\u00f6r detta \u00e5r samlas in efter att \u00e5rsm\u00f6tet, som h\u00e5lls p\u00e5 v\u00e5ren, har fastst\u00e4llt medlemsavgiftens storlek. Efter \u00e5rsm\u00f6tet skickas medlemsfakturan till den e-post du meddelat i din medlemsans\u00f6kan. Styrelsens f\u00f6rslag till medlemsavgifternas storlek:<\/p>\n\n\n\n<p>Personmedlem 25 e\/\u00e5r<\/p>\n\n\n\n<p>F\u00f6retagsmedlem 25 e\/\u00e5r<\/p>\n\n\n\n<p>Underst\u00f6djande medlem 100 e\/\u00e5r<\/p>\n\n\n\n<p>L\u00e4s integritetspolicyn <a href=\"https:\/\/www.fibershedfinland.fi\/tietosuojaseloste-fibershed-finland-ry\/\" data-type=\"page\" data-id=\"22560\">h\u00e4r<\/a><\/p>\n\n\n<div class=\"frm_forms  with_frm_style frm_style_formidable-style\" id=\"frm_form_7_container\" data-token=\"c2d0a03551e794e2a50870d1f233ab10\">\n<form enctype=\"multipart\/form-data\" method=\"post\" class=\"frm-show-form \" id=\"form_jsenhakemus\" data-token=\"c2d0a03551e794e2a50870d1f233ab10\">\n<div class=\"frm_form_fields \">\n<fieldset>\n<legend class=\"frm_screen_reader\">J\u00e4senhakemus<\/legend>\r\n\r\n<div class=\"frm_fields_container\">\n<input type=\"hidden\" name=\"frm_action\" value=\"create\" \/>\n<input type=\"hidden\" name=\"form_id\" value=\"7\" \/>\n<input type=\"hidden\" name=\"frm_hide_fields_7\" id=\"frm_hide_fields_7\" value=\"\" \/>\n<input type=\"hidden\" name=\"form_key\" value=\"jsenhakemus\" \/>\n<input type=\"hidden\" name=\"item_meta[0]\" value=\"\" \/>\n<input type=\"hidden\" id=\"frm_submit_entry_7\" name=\"frm_submit_entry_7\" value=\"9f3557e5b1\" \/><input type=\"hidden\" name=\"_wp_http_referer\" value=\"\/sv\/wp-json\/wp\/v2\/pages\/22592\" \/><div id=\"frm_field_33_container\" class=\"frm_form_field form-field  frm_required_field frm_top_container\">\r\n    <div  id=\"field_vkg2t_label\" class=\"frm_primary_label\">Nimi \/ namn\r\n        <span class=\"frm_required\" aria-hidden=\"true\">*<\/span>\r\n    <\/div>\r\n    <fieldset aria-labelledby=\"field_vkg2t_label\">\n\t<legend class=\"frm_screen_reader frm_hidden\">\n\t\tNimi \/ namn\t<\/legend>\n\n\t<div  class=\"frm_combo_inputs_container\" id=\"frm_combo_inputs_container_33\" data-name-layout=\"first_last\">\n\t\t\t\t\t<div\n\t\t\t\tid=\"frm_field_33-first_container\"\n\t\t\t\tclass=\"frm_form_field form-field frm_form_subfield-first  frm6\"\n\t\t\t\tdata-sub-field-name=\"first\"\n\t\t\t>\n\t\t\t\t<label for=\"field_vkg2t_first\" class=\"frm_screen_reader frm_hidden\">\n\t\t\t\t\tetunimi \/ f\u00f6rnamn\t\t\t\t<\/label>\n\n\t\t\t\t<input  type=\"text\" id=\"field_vkg2t_first\" value=\"\" name=\"item_meta[33][first]\" data-reqmsg=\"Nimi \/ namn cannot be blank.\" aria-required=\"true\" data-invmsg=\"Nimi \/ namn is invalid\" aria-invalid=\"false\"  \/><div class=\"frm_description\" id=\"frm_field_33_first_desc\">etunimi \/ f\u00f6rnamn<\/div>\t\t\t<\/div>\n\t\t\t\t\t\t<div\n\t\t\t\tid=\"frm_field_33-last_container\"\n\t\t\t\tclass=\"frm_form_field form-field frm_form_subfield-last  frm6\"\n\t\t\t\tdata-sub-field-name=\"last\"\n\t\t\t>\n\t\t\t\t<label for=\"field_vkg2t_last\" class=\"frm_screen_reader frm_hidden\">\n\t\t\t\t\tsukunimi \/ efternamn\t\t\t\t<\/label>\n\n\t\t\t\t<input  type=\"text\" id=\"field_vkg2t_last\" value=\"\" name=\"item_meta[33][last]\" data-reqmsg=\"Nimi \/ namn cannot be blank.\" aria-required=\"true\" data-invmsg=\"Nimi \/ namn is invalid\" aria-invalid=\"false\"  \/><div class=\"frm_description\" id=\"frm_field_33_last_desc\">sukunimi \/ efternamn<\/div>\t\t\t<\/div>\n\t\t\t\t<\/div>\n<\/fieldset>\n\r\n    \r\n    \r\n<\/div>\n<div id=\"frm_field_34_container\" class=\"frm_form_field form-field  frm_required_field frm_top_container\">\r\n    <label for=\"field_5c4rp\" id=\"field_5c4rp_label\" class=\"frm_primary_label\">Kotipaikka \/ hemort\r\n        <span class=\"frm_required\" aria-hidden=\"true\">*<\/span>\r\n    <\/label>\r\n    <input type=\"text\" id=\"field_5c4rp\" name=\"item_meta[34]\" value=\"\"  data-reqmsg=\"Kotipaikka \/ hemort cannot be blank.\" aria-required=\"true\" data-invmsg=\"Text is invalid\" aria-invalid=\"false\"  \/>\r\n    \r\n    \r\n<\/div>\n<div id=\"frm_field_35_container\" class=\"frm_form_field form-field  frm_required_field frm_top_container\">\r\n    <label for=\"field_56ah8\" id=\"field_56ah8_label\" class=\"frm_primary_label\">Email\r\n        <span class=\"frm_required\" aria-hidden=\"true\">*<\/span>\r\n    <\/label>\r\n    <input type=\"email\" id=\"field_56ah8\" name=\"item_meta[35]\" value=\"\"  data-reqmsg=\"Email cannot be blank.\" aria-required=\"true\" data-invmsg=\"Email is invalid\" aria-invalid=\"false\"  \/>\r\n    \r\n    \r\n<\/div>\n<div id=\"frm_field_36_container\" class=\"frm_form_field form-field  frm_top_container\">\r\n    <label for=\"field_rb66g\" id=\"field_rb66g_label\" class=\"frm_primary_label\">Puhelin \/ telefon\r\n        <span class=\"frm_required\" aria-hidden=\"true\"><\/span>\r\n    <\/label>\r\n    <input type=\"tel\" id=\"field_rb66g\" name=\"item_meta[36]\" value=\"\"  data-invmsg=\"Phone is invalid\" aria-invalid=\"false\" pattern=\"((\\+\\d{1,3}(-|.| )?\\(?\\d\\)?(-| |.)?\\d{1,5})|(\\(?\\d{2,6}\\)?))(-|.| )?(\\d{3,4})(-|.| )?(\\d{4})(( x| ext)\\d{1,5}){0,1}$\"  \/>\r\n    \r\n    \r\n<\/div>\n<div id=\"frm_field_37_container\" class=\"frm_form_field form-field  frm_required_field frm_top_container vertical_radio\">\r\n    <div  id=\"field_c4n76_label\" class=\"frm_primary_label\">Olen tutustunut Fibershed Finland ry:n tietosuojaselosteeseen, ja hyv\u00e4ksyn henkil\u00f6tietojeni k\u00e4sittelyn. \/Jag har l\u00e4st integritetspolicyn och godk\u00e4nner att Fibershed Finland samlar mina personuppgifter.\r\n        <span class=\"frm_required\" aria-hidden=\"true\">*<\/span>\r\n    <\/div>\r\n    <div class=\"frm_opt_container\" aria-labelledby=\"field_c4n76_label\" role=\"group\">\t\t<div class=\"frm_checkbox\" id=\"frm_checkbox_37-0\">\t\t\t<label  for=\"field_c4n76-0\">\n\t\t\t<input type=\"checkbox\" name=\"item_meta[37][]\" id=\"field_c4n76-0\" value=\"Kyll\u00e4 \/ ja\"  data-reqmsg=\"Olen tutustunut Fibershed Finland ry:n tietosuojaselosteeseen, ja hyv\u00e4ksyn henkil\u00f6tietojeni k\u00e4sittelyn. \/Jag har l\u00e4st integritetspolicyn och godk\u00e4nner att Fibershed Finland samlar mina personuppgifter. cannot be blank.\" data-invmsg=\"Olen tutustunut Fibershed Finland ry:n tietosuojaselosteeseen, ja hyv\u00e4ksyn henkil\u00f6tietojeni k\u00e4sittelyn. \/Jag har l\u00e4st integritetspolicyn och godk\u00e4nner att Fibershed Finland samlar mina personuppgifter. is invalid\" aria-invalid=\"false\"   aria-required=\"true\"  \/> Kyll\u00e4 \/ ja<\/label><\/div>\n<\/div>\r\n    \r\n    \r\n<\/div>\n<div id=\"frm_field_43_container\" class=\"frm_form_field form-field  frm_top_container vertical_radio\">\r\n    <div  id=\"field_ffsw_label\" class=\"frm_primary_label\">Haluan saada viestej\u00e4 \/ Jag vill f\u00e5 meddelanden\r\n        <span class=\"frm_required\" aria-hidden=\"true\"><\/span>\r\n    <\/div>\r\n    <div class=\"frm_opt_container\" aria-labelledby=\"field_ffsw_label\" role=\"radiogroup\">\t\t<div class=\"frm_radio\" id=\"frm_radio_43-0\">\t\t\t<label  for=\"field_ffsw-0\">\n\t\t\t\t\t<input type=\"radio\" name=\"item_meta[43]\" id=\"field_ffsw-0\" value=\"suomeksi\"\n\t\t   data-invmsg=\"Haluan saada viestej\u00e4 \/ Jag vill f\u00e5 meddelanden is invalid\" aria-invalid=\"false\"  \/> suomeksi<\/label><\/div>\n\t\t<div class=\"frm_radio\" id=\"frm_radio_43-1\">\t\t\t<label  for=\"field_ffsw-1\">\n\t\t\t\t\t<input type=\"radio\" name=\"item_meta[43]\" id=\"field_ffsw-1\" value=\"p\u00e5 svenska\"\n\t\t   data-invmsg=\"Haluan saada viestej\u00e4 \/ Jag vill f\u00e5 meddelanden is invalid\" aria-invalid=\"false\"  \/> p\u00e5 svenska<\/label><\/div>\n<\/div>\r\n    \r\n    \r\n<\/div>\n<div id=\"frm_field_41_container\" class=\"frm_form_field form-field  frm_top_container vertical_radio\">\r\n    <div  id=\"field_srq9_label\" class=\"frm_primary_label\">Pyyd\u00e4n saada liitty\u00e4 \/Jag ans\u00f6ker om att f\u00e5 bli\r\n        <span class=\"frm_required\" aria-hidden=\"true\"><\/span>\r\n    <\/div>\r\n    <div class=\"frm_opt_container\" aria-labelledby=\"field_srq9_label\" role=\"group\">\t\t<div class=\"frm_checkbox\" id=\"frm_checkbox_41-0\">\t\t\t<label  for=\"field_srq9-0\">\n\t\t\t<input type=\"checkbox\" name=\"item_meta[41][]\" id=\"field_srq9-0\" value=\"Henkil\u00f6j\u00e4seneksi \/ Personmedlem\"  data-invmsg=\"Pyyd\u00e4n saada liitty\u00e4 \/Jag ans\u00f6ker om att f\u00e5 bli is invalid\" aria-invalid=\"false\"   \/> Henkil\u00f6j\u00e4seneksi \/ Personmedlem<\/label><\/div>\n\t\t<div class=\"frm_checkbox\" id=\"frm_checkbox_41-1\">\t\t\t<label  for=\"field_srq9-1\">\n\t\t\t<input type=\"checkbox\" name=\"item_meta[41][]\" id=\"field_srq9-1\" value=\"Yritysj\u00e4seneksi (lis\u00e4\u00e4 yrityksen nimi alle) \/ F\u00f6retagsmedlem (skriv in f\u00f6retagets namn l\u00e4ngre ner)\"  data-invmsg=\"Pyyd\u00e4n saada liitty\u00e4 \/Jag ans\u00f6ker om att f\u00e5 bli is invalid\" aria-invalid=\"false\"   \/> Yritysj\u00e4seneksi (lis\u00e4\u00e4 yrityksen nimi alle) \/ F\u00f6retagsmedlem (skriv in f\u00f6retagets namn l\u00e4ngre ner)<\/label><\/div>\n\t\t<div class=\"frm_checkbox\" id=\"frm_checkbox_41-2\">\t\t\t<label  for=\"field_srq9-2\">\n\t\t\t<input type=\"checkbox\" name=\"item_meta[41][]\" id=\"field_srq9-2\" value=\"Kannatusj\u00e4seneksi \/ Underst\u00f6djande medlem\"  data-invmsg=\"Pyyd\u00e4n saada liitty\u00e4 \/Jag ans\u00f6ker om att f\u00e5 bli is invalid\" aria-invalid=\"false\"   \/> Kannatusj\u00e4seneksi \/ Underst\u00f6djande medlem<\/label><\/div>\n<\/div>\r\n    \r\n    \r\n<\/div>\n<div id=\"frm_field_40_container\" class=\"frm_form_field form-field  frm_top_container\">\r\n    <label for=\"field_owgd8\" id=\"field_owgd8_label\" class=\"frm_primary_label\">Yrityksen nimi \/ F\u00f6retagets namn\r\n        <span class=\"frm_required\" aria-hidden=\"true\"><\/span>\r\n    <\/label>\r\n    <input type=\"text\" id=\"field_owgd8\" name=\"item_meta[40]\" value=\"\"  data-invmsg=\"Text is invalid\" aria-invalid=\"false\"  \/>\r\n    \r\n    \r\n<\/div>\n<div id=\"frm_field_39_container\" class=\"frm_form_field form-field  frm_top_container vertical_radio\">\r\n    <div  id=\"field_dxthu_label\" class=\"frm_primary_label\">Mik\u00e4 on p\u00e4\u00e4asiallinen toimintasi liittyen Fibershed Finlandin toimintaan? Voit valita useita \/ Vad \u00e4r din huvudsakliga verksamhet som ber\u00f6r Fibershed Finland verksamhet? Du kan v\u00e4lja flera alternativ.\r\n        <span class=\"frm_required\" aria-hidden=\"true\"><\/span>\r\n    <\/div>\r\n    <div class=\"frm_opt_container\" aria-labelledby=\"field_dxthu_label\" role=\"group\">\t\t<div class=\"frm_checkbox\" id=\"frm_checkbox_39-1\">\t\t\t<label  for=\"field_dxthu-1\">\n\t\t\t<input type=\"checkbox\" name=\"item_meta[39][]\" id=\"field_dxthu-1\" value=\"Alkutuottaja (esim maatilalla) \/ Prim\u00e4rproducent (t.ex. p\u00e5 ett jordbruk)\"  data-invmsg=\"Mik\u00e4 on p\u00e4\u00e4asiallinen toimintasi liittyen Fibershed Finlandin toimintaan? Voit valita useita \/ Vad \u00e4r din huvudsakliga verksamhet som ber\u00f6r Fibershed Finland verksamhet? Du kan v\u00e4lja flera alternativ. is invalid\" aria-invalid=\"false\"   \/> Alkutuottaja (esim maatilalla) \/ Prim\u00e4rproducent (t.ex. p\u00e5 ett jordbruk)<\/label><\/div>\n\t\t<div class=\"frm_checkbox\" id=\"frm_checkbox_39-0\">\t\t\t<label  for=\"field_dxthu-0\">\n\t\t\t<input type=\"checkbox\" name=\"item_meta[39][]\" id=\"field_dxthu-0\" value=\"Olen muu yritt\u00e4j\u00e4 (esim kehr\u00e4\u00e4m\u00f6) \/ Annan f\u00f6retagare (t.ex. spinneri)\"  data-invmsg=\"Mik\u00e4 on p\u00e4\u00e4asiallinen toimintasi liittyen Fibershed Finlandin toimintaan? Voit valita useita \/ Vad \u00e4r din huvudsakliga verksamhet som ber\u00f6r Fibershed Finland verksamhet? Du kan v\u00e4lja flera alternativ. is invalid\" aria-invalid=\"false\"   \/> Olen muu yritt\u00e4j\u00e4 (esim kehr\u00e4\u00e4m\u00f6) \/ Annan f\u00f6retagare (t.ex. spinneri)<\/label><\/div>\n\t\t<div class=\"frm_checkbox\" id=\"frm_checkbox_39-2\">\t\t\t<label  for=\"field_dxthu-2\">\n\t\t\t<input type=\"checkbox\" name=\"item_meta[39][]\" id=\"field_dxthu-2\" value=\"Opiskelen tai tutkin aihetta \/ Jag studerar eller forskar i \u00e4mnet\"  data-invmsg=\"Mik\u00e4 on p\u00e4\u00e4asiallinen toimintasi liittyen Fibershed Finlandin toimintaan? Voit valita useita \/ Vad \u00e4r din huvudsakliga verksamhet som ber\u00f6r Fibershed Finland verksamhet? Du kan v\u00e4lja flera alternativ. is invalid\" aria-invalid=\"false\"   \/> Opiskelen tai tutkin aihetta \/ Jag studerar eller forskar i \u00e4mnet<\/label><\/div>\n\t\t<div class=\"frm_checkbox\" id=\"frm_checkbox_39-3\">\t\t\t<label  for=\"field_dxthu-3\">\n\t\t\t<input type=\"checkbox\" name=\"item_meta[39][]\" id=\"field_dxthu-3\" value=\"K\u00e4sity\u00f6harrastaja, kiinnostunut luonnonkuiduista \/ Har handarbete som hobby och \u00e4r intresserad av naturfibrer\"  data-invmsg=\"Mik\u00e4 on p\u00e4\u00e4asiallinen toimintasi liittyen Fibershed Finlandin toimintaan? Voit valita useita \/ Vad \u00e4r din huvudsakliga verksamhet som ber\u00f6r Fibershed Finland verksamhet? Du kan v\u00e4lja flera alternativ. is invalid\" aria-invalid=\"false\"   \/> K\u00e4sity\u00f6harrastaja, kiinnostunut luonnonkuiduista \/ Har handarbete som hobby och \u00e4r intresserad av naturfibrer<\/label><\/div>\n<\/div>\r\n    \r\n    \r\n<\/div>\n<div id=\"frm_field_42_container\" class=\"frm_form_field form-field  frm_top_container\">\r\n    <label for=\"field_bb2nb\" id=\"field_bb2nb_label\" class=\"frm_primary_label\">Voit halutessasi kertoa itsest\u00e4si lis\u00e4\u00e4! \/ Om du vill kan du ber\u00e4tta mer om dig sj\u00e4lv!\r\n        <span class=\"frm_required\" aria-hidden=\"true\"><\/span>\r\n    <\/label>\r\n    <input type=\"text\" id=\"field_bb2nb\" name=\"item_meta[42]\" value=\"\"  data-invmsg=\"Text is invalid\" aria-invalid=\"false\"  \/>\r\n    \r\n    \r\n<\/div>\n\t<input type=\"hidden\" name=\"item_key\" value=\"\" \/>\n\t\t\t<div id=\"frm_field_88_container\">\n\t\t\t<label for=\"field_tlqgm\" >\n\t\t\t\tIf you are human, leave this field blank.\t\t\t<\/label>\n\t\t\t<input  id=\"field_tlqgm\" type=\"text\" class=\"frm_form_field form-field frm_verify\" name=\"item_meta[88]\" value=\"\"  \/>\n\t\t<\/div>\n\t\t<input name=\"frm_state\" type=\"hidden\" value=\"IFhZpjjmQqGaEEdzsNK9VhJkxsjYFpwKNNnzpucQHy8=\" \/><div class=\"frm_submit\">\r\n\r\n<button class=\"frm_button_submit\" type=\"submit\"  >Submit<\/button>\r\n\r\n<\/div><\/div>\n<\/fieldset>\n<\/div>\n\n<\/form>\n<\/div>\n","protected":false},"excerpt":{"rendered":"<p>Fibershed Finland ry grundades i december 2022 och du kan nu bli medlem genom att fylla i blanketten nedanf\u00f6r. Uppgifterna som markerats med asterisk (*) \u00e4r obligatoriska uppgifter.&nbsp; Medlemsavgifterna f\u00f6r detta \u00e5r samlas in efter att \u00e5rsm\u00f6tet, som h\u00e5lls p\u00e5 v\u00e5ren, har fastst\u00e4llt medlemsavgiftens storlek. Efter \u00e5rsm\u00f6tet skickas medlemsfakturan till den e-post du meddelat i [&hellip;]<\/p>\n","protected":false},"author":3,"featured_media":0,"parent":0,"menu_order":0,"comment_status":"closed","ping_status":"closed","template":"","meta":{"footnotes":""},"class_list":["post-22592","page","type-page","status-publish","hentry"],"translation":{"provider":"WPGlobus","version":"3.0.0","language":"sv","enabled_languages":["fi","sv","en"],"languages":{"fi":{"title":true,"content":true,"excerpt":false},"sv":{"title":true,"content":true,"excerpt":false},"en":{"title":true,"content":true,"excerpt":false}}},"_links":{"self":[{"href":"https:\/\/www.fibershedfinland.fi\/sv\/wp-json\/wp\/v2\/pages\/22592","targetHints":{"allow":["GET"]}}],"collection":[{"href":"https:\/\/www.fibershedfinland.fi\/sv\/wp-json\/wp\/v2\/pages"}],"about":[{"href":"https:\/\/www.fibershedfinland.fi\/sv\/wp-json\/wp\/v2\/types\/page"}],"author":[{"embeddable":true,"href":"https:\/\/www.fibershedfinland.fi\/sv\/wp-json\/wp\/v2\/users\/3"}],"replies":[{"embeddable":true,"href":"https:\/\/www.fibershedfinland.fi\/sv\/wp-json\/wp\/v2\/comments?post=22592"}],"version-history":[{"count":10,"href":"https:\/\/www.fibershedfinland.fi\/sv\/wp-json\/wp\/v2\/pages\/22592\/revisions"}],"predecessor-version":[{"id":22743,"href":"https:\/\/www.fibershedfinland.fi\/sv\/wp-json\/wp\/v2\/pages\/22592\/revisions\/22743"}],"wp:attachment":[{"href":"https:\/\/www.fibershedfinland.fi\/sv\/wp-json\/wp\/v2\/media?parent=22592"}],"curies":[{"name":"wp","href":"https:\/\/api.w.org\/{rel}","templated":true}]}}